{"id":4030,"date":"2022-01-07T10:52:57","date_gmt":"2022-01-07T07:52:57","guid":{"rendered":"https:\/\/localveri.net\/mccendustri\/?page_id=4030"},"modified":"2022-03-15T14:27:26","modified_gmt":"2022-03-15T11:27:26","slug":"pipelines","status":"publish","type":"page","link":"https:\/\/mccendustri.com\/en\/pipelines\/","title":{"rendered":"Pipelines"},"content":{"rendered":"<div class='flex_column av-9rec26-625353a8db4bb4179ad9f710b25be53e av_one_full  avia-builder-el-0  el_before_av_one_full  avia-builder-el-first  first flex_column_div '   ><style type=\"text\/css\" data-created_by=\"avia_inline_auto\" id=\"style-css-av-ky43pjkn-74e9bfd7e97269f10f68b08fb2da9736\">\n.avia-image-container.av-ky43pjkn-74e9bfd7e97269f10f68b08fb2da9736 .av-image-caption-overlay-center{\ncolor:#ffffff;\n}\n<\/style>\n<div  class='avia-image-container av-ky43pjkn-74e9bfd7e97269f10f68b08fb2da9736 av-styling- avia-align-center  avia-builder-el-1  avia-builder-el-no-sibling  '  itemprop=\"image\" itemscope=\"itemscope\" itemtype=\"https:\/\/schema.org\/ImageObject\" ><div class=\"avia-image-container-inner\"><div class=\"avia-image-overlay-wrap\"><img decoding=\"async\" class='wp-image-4031 avia-img-lazy-loading-not-4031 avia_image' src=\"https:\/\/mccendustri.com\/en\/wp-content\/uploads\/2022\/01\/botu-hatlari.jpg\" alt='' title='boru-hatlari'  height=\"647\" width=\"1330\"  itemprop=\"thumbnailUrl\" srcset=\"https:\/\/mccendustri.com\/en\/wp-content\/uploads\/2022\/01\/botu-hatlari.jpg 1330w, https:\/\/mccendustri.com\/en\/wp-content\/uploads\/2022\/01\/botu-hatlari-300x146.jpg 300w, https:\/\/mccendustri.com\/en\/wp-content\/uploads\/2022\/01\/botu-hatlari-1030x501.jpg 1030w, https:\/\/mccendustri.com\/en\/wp-content\/uploads\/2022\/01\/botu-hatlari-768x374.jpg 768w, https:\/\/mccendustri.com\/en\/wp-content\/uploads\/2022\/01\/botu-hatlari-705x343.jpg 705w\" sizes=\"(max-width: 1330px) 100vw, 1330px\" \/><\/div><\/div><\/div><\/div>\n<div class='flex_column av-84c4um-56a6b409c3b7bbea69458ee056085af5 av_one_full  avia-builder-el-2  el_after_av_one_full  el_before_av_one_full  first flex_column_div column-top-margin'   ><p>\n<style type=\"text\/css\" data-created_by=\"avia_inline_auto\" id=\"style-css-av-ky43nh5j-5773ea58c0f0e52abb029d9e56956b80\">\n#top .av-special-heading.av-ky43nh5j-5773ea58c0f0e52abb029d9e56956b80{\npadding-bottom:10px;\nfont-size:40px;\n}\n<\/style>\n<div  class='av-special-heading av-ky43nh5j-5773ea58c0f0e52abb029d9e56956b80 av-special-heading-h2 blockquote modern-quote  avia-builder-el-3  el_before_av_textblock  avia-builder-el-first  av-inherit-size '><h2 class='av-special-heading-tag '  itemprop=\"headline\"  >PIPELINES<\/h2><div class='special-heading-border'><div class='special-heading-inner-border'><\/div><\/div><\/div><br \/>\n<section  class='av_textblock_section av-ky43nrzd-9646a430db8858f88996de64fafacae2 '  itemscope=\"itemscope\" itemtype=\"https:\/\/schema.org\/CreativeWork\" ><div class='avia_textblock '  itemprop=\"text\" ><p>Pipelines are the most cost-efficient and productive means for transporting the fuels like crude oil, fuel oil, bio-fuel etc., fresh water, hot water and vapor. Furthermore they are of strategic importance to the countries. Liquid and gas pipelines constitute basic necessities for both economic growth and industrial production and agriculture. Installation and configuration of the pipelines has become a business line requiring specialty and experience.<\/p>\n<p>Installation and construction time of the pipelines depends typically on lead and erection times. Long term and defect-free installation are essentially important in the production of pipelines.<\/p>\n<p>MCC \u0130n\u015faat have carried out very important pipeline production projects. It has been engaged in many infrastructure and pipeline works for Enka Holding, \u00c7imta\u015f, Kolin \u0130n\u015faat, Izmir Ataturk Organized Industry Zone etc.<\/p>\n<p>MCC \u0130n\u015faat does have over 20 years of experience and a well-experienced team. However it is capable of being engaged in different pipeline projects thanks to its investments in technical equipment and fixtures.<\/p>\n<\/div><\/section><\/p><\/div>\n<div class='flex_column av-6jdt4e-f969fdb2f6cbf1444ffa2eaa68e0c336 av_one_full  avia-builder-el-5  el_after_av_one_full  avia-builder-el-last  first flex_column_div column-top-margin'   ><p>\n<style type=\"text\/css\" data-created_by=\"avia_inline_auto\" id=\"style-css-av-40ncj2-7cf16e19741c7e55feb1ccb417fccb96\">\n#top .av-special-heading.av-40ncj2-7cf16e19741c7e55feb1ccb417fccb96{\npadding-bottom:10px;\n}\n<\/style>\n<div  class='av-special-heading av-40ncj2-7cf16e19741c7e55feb1ccb417fccb96 av-special-heading-h2 blockquote classic-quote classic-quote-left  avia-builder-el-6  el_before_av_portfolio  avia-builder-el-no-sibling  '><h2 class='av-special-heading-tag '  itemprop=\"headline\"  >SOME OF OUR PROJECTS <\/h2><div class='special-heading-border'><div class='special-heading-inner-border'><\/div><\/div><\/div><br \/>\n<div  id=\"av-sc-portfolio-1\"  class=' grid-sort-container isotope   no_margin-container with-title-container grid-total-odd grid-col-3 grid-links-' data-portfolio-id='1'><div data-ajax-id='4155' class=' grid-entry flex_column isotope-item all_sort no_margin post-entry post-entry-4155 grid-entry-overview grid-loop-1 grid-parity-odd  projects-completed-at-home_sort  av_one_third first default_av_fullwidth '><article class='main_color inner-entry'  itemscope=\"itemscope\" itemtype=\"https:\/\/schema.org\/CreativeWork\" ><a href=\"https:\/\/mccendustri.com\/en\/proje\/enka-bechtel\/\" title='Enka &#038; Bechtel'  data-rel='grid-1' class='grid-image avia-hover-fx'> <img decoding=\"async\" width=\"450\" height=\"550\" src=\"https:\/\/mccendustri.com\/en\/wp-content\/uploads\/2022\/01\/enka.jpg\" class=\"wp-image-4157 avia-img-lazy-loading-not-4157 attachment-masonry size-masonry wp-post-image\" alt=\"\" srcset=\"https:\/\/mccendustri.com\/en\/wp-content\/uploads\/2022\/01\/enka.jpg 450w, https:\/\/mccendustri.com\/en\/wp-content\/uploads\/2022\/01\/enka-245x300.jpg 245w\" sizes=\"(max-width: 450px) 100vw, 450px\" \/><\/a><div class='grid-content'><div class='avia-arrow'><\/div><header class=\"entry-content-header\"><h3 class='grid-entry-title entry-title '  itemprop=\"headline\" ><a href='https:\/\/mccendustri.com\/en\/proje\/enka-bechtel\/' title='Enka &#038; Bechtel'>Enka &#038; Bechtel<\/a><\/h3><\/header><\/div><footer class=\"entry-footer\"><\/footer><\/article><\/div><div data-ajax-id='4143' class=' grid-entry flex_column isotope-item all_sort no_margin post-entry post-entry-4143 grid-entry-overview grid-loop-2 grid-parity-even  projects-completed-at-home_sort  av_one_third  default_av_fullwidth '><article class='main_color inner-entry'  itemscope=\"itemscope\" itemtype=\"https:\/\/schema.org\/CreativeWork\" ><a href=\"https:\/\/mccendustri.com\/en\/proje\/manisa-osb\/\" title='Manisa OSB'  data-rel='grid-1' class='grid-image avia-hover-fx'> <img decoding=\"async\" width=\"450\" height=\"550\" src=\"https:\/\/mccendustri.com\/en\/wp-content\/uploads\/2022\/01\/manisa-osb2.jpg\" class=\"wp-image-4144 avia-img-lazy-loading-not-4144 attachment-masonry size-masonry wp-post-image\" alt=\"\" srcset=\"https:\/\/mccendustri.com\/en\/wp-content\/uploads\/2022\/01\/manisa-osb2.jpg 450w, https:\/\/mccendustri.com\/en\/wp-content\/uploads\/2022\/01\/manisa-osb2-245x300.jpg 245w\" sizes=\"(max-width: 450px) 100vw, 450px\" \/><\/a><div class='grid-content'><div class='avia-arrow'><\/div><header class=\"entry-content-header\"><h3 class='grid-entry-title entry-title '  itemprop=\"headline\" ><a href='https:\/\/mccendustri.com\/en\/proje\/manisa-osb\/' title='Manisa OSB'>Manisa OSB<\/a><\/h3><\/header><\/div><footer class=\"entry-footer\"><\/footer><\/article><\/div><div data-ajax-id='4123' class=' grid-entry flex_column isotope-item all_sort no_margin post-entry post-entry-4123 grid-entry-overview grid-loop-3 grid-parity-odd  post-entry-last  projects-completed-at-home_sort  av_one_third  default_av_fullwidth '><article class='main_color inner-entry'  itemscope=\"itemscope\" itemtype=\"https:\/\/schema.org\/CreativeWork\" ><a href=\"https:\/\/mccendustri.com\/en\/proje\/dsi\/\" title='DS\u0130'  data-rel='grid-1' class='grid-image avia-hover-fx'> <img decoding=\"async\" width=\"450\" height=\"550\" src=\"https:\/\/mccendustri.com\/en\/wp-content\/uploads\/2022\/01\/dsi.jpg\" class=\"wp-image-4125 avia-img-lazy-loading-not-4125 attachment-masonry size-masonry wp-post-image\" alt=\"\" srcset=\"https:\/\/mccendustri.com\/en\/wp-content\/uploads\/2022\/01\/dsi.jpg 450w, https:\/\/mccendustri.com\/en\/wp-content\/uploads\/2022\/01\/dsi-245x300.jpg 245w\" sizes=\"(max-width: 450px) 100vw, 450px\" \/><\/a><div class='grid-content'><div class='avia-arrow'><\/div><header class=\"entry-content-header\"><h3 class='grid-entry-title entry-title '  itemprop=\"headline\" ><a href='https:\/\/mccendustri.com\/en\/proje\/dsi\/' title='DS\u0130'>DS\u0130<\/a><\/h3><\/header><\/div><footer class=\"entry-footer\"><\/footer><\/article><\/div><\/div><\/p><\/div>\n","protected":false},"excerpt":{"rendered":"","protected":false},"author":1,"featured_media":0,"parent":0,"menu_order":0,"comment_status":"closed","ping_status":"closed","template":"","meta":{"footnotes":""},"class_list":["post-4030","page","type-page","status-publish","hentry"],"_links":{"self":[{"href":"https:\/\/mccendustri.com\/en\/wp-json\/wp\/v2\/pages\/4030","targetHints":{"allow":["GET"]}}],"collection":[{"href":"https:\/\/mccendustri.com\/en\/wp-json\/wp\/v2\/pages"}],"about":[{"href":"https:\/\/mccendustri.com\/en\/wp-json\/wp\/v2\/types\/page"}],"author":[{"embeddable":true,"href":"https:\/\/mccendustri.com\/en\/wp-json\/wp\/v2\/users\/1"}],"replies":[{"embeddable":true,"href":"https:\/\/mccendustri.com\/en\/wp-json\/wp\/v2\/comments?post=4030"}],"version-history":[{"count":4,"href":"https:\/\/mccendustri.com\/en\/wp-json\/wp\/v2\/pages\/4030\/revisions"}],"predecessor-version":[{"id":4473,"href":"https:\/\/mccendustri.com\/en\/wp-json\/wp\/v2\/pages\/4030\/revisions\/4473"}],"wp:attachment":[{"href":"https:\/\/mccendustri.com\/en\/wp-json\/wp\/v2\/media?parent=4030"}],"curies":[{"name":"wp","href":"https:\/\/api.w.org\/{rel}","templated":true}]}}