{"id":3755,"date":"2021-11-15T15:56:35","date_gmt":"2021-11-15T12:56:35","guid":{"rendered":"https:\/\/localveri.net\/mccendustri\/?page_id=3755"},"modified":"2021-11-15T16:18:33","modified_gmt":"2021-11-15T13:18:33","slug":"devam-eden-projeler","status":"publish","type":"page","link":"https:\/\/mccendustri.com\/en\/devam-eden-projeler\/","title":{"rendered":"Devam Eden Projeler"},"content":{"rendered":"<div id='av_section_1'  class='avia-section av-av_section-2dcb3d115e2e5af9a73072e0505910f8 main_color avia-section-default avia-no-border-styling  avia-builder-el-0  avia-builder-el-no-sibling  avia-bg-style-scroll  container_wrap sidebar_right'  ><div class='container av-section-cont-open' ><main  role=\"main\" itemprop=\"mainContentOfPage\"  class='template-page content  av-content-small alpha units'><div class='post-entry post-entry-type-page post-entry-3755'><div class='entry-content-wrapper clearfix'>\n\n<style type=\"text\/css\" data-created_by=\"avia_inline_auto\" id=\"style-css-av-kw0oz85o-8fda4ab9a37158314048bd41e9f58525\">\n#top .av-special-heading.av-kw0oz85o-8fda4ab9a37158314048bd41e9f58525{\npadding-bottom:10px;\nfont-size:50px;\n}\n<\/style>\n<div  class='av-special-heading av-kw0oz85o-8fda4ab9a37158314048bd41e9f58525 av-special-heading-h2 blockquote modern-quote modern-centered  avia-builder-el-1  el_before_av_textblock  avia-builder-el-first  av-inherit-size '><h2 class='av-special-heading-tag '  itemprop=\"headline\"  >DEVAM EDEN PROJELER<\/h2><div class='special-heading-border'><div class='special-heading-inner-border'><\/div><\/div><\/div>\n<section  class='av_textblock_section av-kw0p0061-7f944d36eff8cac3e1a31246fc8d1966 '  itemscope=\"itemscope\" itemtype=\"https:\/\/schema.org\/CreativeWork\" ><div class='avia_textblock '  itemprop=\"text\" ><p>Tasar\u0131m a\u015famas\u0131nda&#8230;<\/p>\n<\/div><\/section>\n<\/div><\/div><\/main><!-- close content main element --><\/div><\/div><div id='after_section_1'  class='main_color av_default_container_wrap container_wrap sidebar_right'  ><div class='container av-section-cont-open' ><div class='template-page content  av-content-small alpha units'><div class='post-entry post-entry-type-page post-entry-3755'><div class='entry-content-wrapper clearfix'>\n","protected":false},"excerpt":{"rendered":"","protected":false},"author":1,"featured_media":0,"parent":0,"menu_order":0,"comment_status":"closed","ping_status":"closed","template":"","meta":{"footnotes":""},"class_list":["post-3755","page","type-page","status-publish","hentry"],"_links":{"self":[{"href":"https:\/\/mccendustri.com\/en\/wp-json\/wp\/v2\/pages\/3755","targetHints":{"allow":["GET"]}}],"collection":[{"href":"https:\/\/mccendustri.com\/en\/wp-json\/wp\/v2\/pages"}],"about":[{"href":"https:\/\/mccendustri.com\/en\/wp-json\/wp\/v2\/types\/page"}],"author":[{"embeddable":true,"href":"https:\/\/mccendustri.com\/en\/wp-json\/wp\/v2\/users\/1"}],"replies":[{"embeddable":true,"href":"https:\/\/mccendustri.com\/en\/wp-json\/wp\/v2\/comments?post=3755"}],"version-history":[{"count":13,"href":"https:\/\/mccendustri.com\/en\/wp-json\/wp\/v2\/pages\/3755\/revisions"}],"predecessor-version":[{"id":3771,"href":"https:\/\/mccendustri.com\/en\/wp-json\/wp\/v2\/pages\/3755\/revisions\/3771"}],"wp:attachment":[{"href":"https:\/\/mccendustri.com\/en\/wp-json\/wp\/v2\/media?parent=3755"}],"curies":[{"name":"wp","href":"https:\/\/api.w.org\/{rel}","templated":true}]}}