{"id":3655,"date":"2021-11-14T12:51:01","date_gmt":"2021-11-14T09:51:01","guid":{"rendered":"https:\/\/localveri.net\/mccendustri\/?page_id=3655"},"modified":"2023-12-08T13:05:49","modified_gmt":"2023-12-08T10:05:49","slug":"contact","status":"publish","type":"page","link":"https:\/\/mccendustri.com\/en\/contact\/","title":{"rendered":"Contact"},"content":{"rendered":"<div id='av_section_1'  class='avia-section av-5njjef-36f934f24a6e718e07a1949050338442 main_color avia-section-default avia-no-border-styling  avia-builder-el-0  avia-builder-el-no-sibling  avia-bg-style-scroll  container_wrap sidebar_right'  ><div class='container av-section-cont-open' ><main  role=\"main\" itemprop=\"mainContentOfPage\"  class='template-page content  av-content-small alpha units'><div class='post-entry post-entry-type-page post-entry-3655'><div class='entry-content-wrapper clearfix'>\n<div class='flex_column av-4tlfo7-85f55c88c934b260379ce26a2ea4cec7 av_one_third  avia-builder-el-1  el_before_av_two_third  avia-builder-el-first  first flex_column_div  av-animated-generic left-to-right '   ><p>\n<style type=\"text\/css\" data-created_by=\"avia_inline_auto\" id=\"style-css-av-2ityvb-047bc7be06cedb2aea636ad8d99eaf44\">\n#top .av-special-heading.av-2ityvb-047bc7be06cedb2aea636ad8d99eaf44{\nmargin:0 0 30px 0;\npadding-bottom:10px;\n}\n.av-special-heading.av-2ityvb-047bc7be06cedb2aea636ad8d99eaf44 .av-subheading{\nfont-size:15px;\n}\n<\/style>\n<div  class='av-special-heading av-2ityvb-047bc7be06cedb2aea636ad8d99eaf44 av-special-heading-h3 blockquote modern-quote  avia-builder-el-2  el_before_av_icon_box  avia-builder-el-first  '><h3 class='av-special-heading-tag '  itemprop=\"headline\"  >Contact Us<\/h3><div class='av-subheading av-subheading_below '><p>Our Contact Details<\/p>\n<\/div><div class='special-heading-border'><div class='special-heading-inner-border'><\/div><\/div><\/div><br \/>\n\n<style type=\"text\/css\" data-created_by=\"avia_inline_auto\" id=\"style-css-av-kw0chmjg-b9e640f690c34ee8749b6678aa6d2a09\">\n.iconbox.av-kw0chmjg-b9e640f690c34ee8749b6678aa6d2a09 .iconbox_icon{\ncolor:#253a8b;\n}\n#top #wrap_all .iconbox.av-kw0chmjg-b9e640f690c34ee8749b6678aa6d2a09 .iconbox_content_title{\ncolor:#253a8b;\n}\n<\/style>\n<article  class=\"iconbox iconbox_left_content av-kw0chmjg-b9e640f690c34ee8749b6678aa6d2a09 av-icon-style-no-border  avia-builder-el-3  el_after_av_heading  el_before_av_hr  ch-icon-box \"  itemscope=\"itemscope\" itemtype=\"https:\/\/schema.org\/CreativeWork\" ><div class=\"iconbox_icon heading-color\" aria-hidden='true' data-av_icon='\ue854' data-av_iconfont='entypo-fontello'><\/div><div class=\"iconbox_content\"><header class=\"entry-content-header\"><h3 class='iconbox_content_title  '  itemprop=\"headline\" ><a href='tel:+902325033573' title='Telephone'  >Telephone<\/a><\/h3><\/header><div class='iconbox_content_container  '  itemprop=\"text\" ><p><a href=\"tel:+902325033573\">+90 232 503 35 73<\/a><\/p>\n<\/div><\/div><footer class=\"entry-footer\"><\/footer><\/article><br \/>\n\n<style type=\"text\/css\" data-created_by=\"avia_inline_auto\" id=\"style-css-av-1yrns7-bb48b9f9a8386e80c4aeca0a485e01c2\">\n#top .hr.av-1yrns7-bb48b9f9a8386e80c4aeca0a485e01c2{\nmargin-top:0px;\nmargin-bottom:20px;\n}\n.hr.av-1yrns7-bb48b9f9a8386e80c4aeca0a485e01c2 .hr-inner{\nwidth:100%;\n}\n<\/style>\n<div  class='hr av-1yrns7-bb48b9f9a8386e80c4aeca0a485e01c2 hr-custom  avia-builder-el-4  el_after_av_icon_box  el_before_av_icon_box  hr-left hr-icon-no '><span class='hr-inner inner-border-av-border-thin'><span class=\"hr-inner-style\"><\/span><\/span><\/div><br \/>\n\n<style type=\"text\/css\" data-created_by=\"avia_inline_auto\" id=\"style-css-av-lpwg21nr-408ab90f2acb2041b3f987c700b41682\">\n.iconbox.av-lpwg21nr-408ab90f2acb2041b3f987c700b41682 .iconbox_icon{\ncolor:#253a8b;\n}\n#top #wrap_all .iconbox.av-lpwg21nr-408ab90f2acb2041b3f987c700b41682 .iconbox_content_title{\ncolor:#253a8b;\n}\n<\/style>\n<article  class=\"iconbox iconbox_left_content av-lpwg21nr-408ab90f2acb2041b3f987c700b41682 av-icon-style-no-border  avia-builder-el-5  el_after_av_hr  el_before_av_hr  ch-icon-box \"  itemscope=\"itemscope\" itemtype=\"https:\/\/schema.org\/CreativeWork\" ><div class=\"iconbox_icon heading-color\" aria-hidden='true' data-av_icon='\uf232' data-av_iconfont='entypo-fontello'><\/div><div class=\"iconbox_content\"><header class=\"entry-content-header\"><h3 class='iconbox_content_title  '  itemprop=\"headline\" ><a href='tel:+905531353573' title='Whatsapp'  >Whatsapp<\/a><\/h3><\/header><div class='iconbox_content_container  '  itemprop=\"text\" ><p><a href=\"tel:+905531353573 \">+90 553 135 35 73 <\/a><\/p>\n<\/div><\/div><footer class=\"entry-footer\"><\/footer><\/article><br \/>\n\n<style type=\"text\/css\" data-created_by=\"avia_inline_auto\" id=\"style-css-av-2ktk13-a78e9bd557906a494fd89b4b475b8d20\">\n#top .hr.av-2ktk13-a78e9bd557906a494fd89b4b475b8d20{\nmargin-top:0px;\nmargin-bottom:20px;\n}\n.hr.av-2ktk13-a78e9bd557906a494fd89b4b475b8d20 .hr-inner{\nwidth:100%;\n}\n<\/style>\n<div  class='hr av-2ktk13-a78e9bd557906a494fd89b4b475b8d20 hr-custom  avia-builder-el-6  el_after_av_icon_box  el_before_av_icon_box  hr-left hr-icon-no '><span class='hr-inner inner-border-av-border-thin'><span class=\"hr-inner-style\"><\/span><\/span><\/div><br \/>\n\n<style type=\"text\/css\" data-created_by=\"avia_inline_auto\" id=\"style-css-av-kw0civ7a-db4d0a7868bbdc4288d70f84a61c139d\">\n.iconbox.av-kw0civ7a-db4d0a7868bbdc4288d70f84a61c139d .iconbox_icon{\ncolor:#253a8b;\n}\n#top #wrap_all .iconbox.av-kw0civ7a-db4d0a7868bbdc4288d70f84a61c139d .iconbox_content_title{\ncolor:#253a8b;\n}\n<\/style>\n<article  class=\"iconbox iconbox_left_content av-kw0civ7a-db4d0a7868bbdc4288d70f84a61c139d av-icon-style-no-border  avia-builder-el-7  el_after_av_hr  el_before_av_hr  ch-icon-box \"  itemscope=\"itemscope\" itemtype=\"https:\/\/schema.org\/CreativeWork\" ><div class=\"iconbox_icon heading-color\" aria-hidden='true' data-av_icon='\ue838' data-av_iconfont='entypo-fontello'><\/div><div class=\"iconbox_content\"><header class=\"entry-content-header\"><h3 class='iconbox_content_title  '  itemprop=\"headline\" >Fax<\/h3><\/header><div class='iconbox_content_container  '  itemprop=\"text\" ><p>+90 232 469 40 06<\/p>\n<\/div><\/div><footer class=\"entry-footer\"><\/footer><\/article><br \/>\n\n<style type=\"text\/css\" data-created_by=\"avia_inline_auto\" id=\"style-css-av-kw0co2gg-fd08123472954106668ed792dc50b8b7\">\n#top .hr.av-kw0co2gg-fd08123472954106668ed792dc50b8b7{\nmargin-top:0px;\nmargin-bottom:20px;\n}\n.hr.av-kw0co2gg-fd08123472954106668ed792dc50b8b7 .hr-inner{\nwidth:100%;\n}\n<\/style>\n<div  class='hr av-kw0co2gg-fd08123472954106668ed792dc50b8b7 hr-custom  avia-builder-el-8  el_after_av_icon_box  el_before_av_icon_box  hr-left hr-icon-no '><span class='hr-inner inner-border-av-border-thin'><span class=\"hr-inner-style\"><\/span><\/span><\/div><br \/>\n\n<style type=\"text\/css\" data-created_by=\"avia_inline_auto\" id=\"style-css-av-kw0cjayo-af9623e49f44732b6b5fd8b59e428aa8\">\n.iconbox.av-kw0cjayo-af9623e49f44732b6b5fd8b59e428aa8 .iconbox_icon{\ncolor:#253a8b;\n}\n#top #wrap_all .iconbox.av-kw0cjayo-af9623e49f44732b6b5fd8b59e428aa8 .iconbox_content_title{\ncolor:#253a8b;\n}\n<\/style>\n<article  class=\"iconbox iconbox_left_content av-kw0cjayo-af9623e49f44732b6b5fd8b59e428aa8 av-icon-style-no-border  avia-builder-el-9  el_after_av_hr  avia-builder-el-last  ch-icon-box \"  itemscope=\"itemscope\" itemtype=\"https:\/\/schema.org\/CreativeWork\" ><div class=\"iconbox_icon heading-color\" aria-hidden='true' data-av_icon='\ue805' data-av_iconfont='entypo-fontello'><\/div><div class=\"iconbox_content\"><header class=\"entry-content-header\"><h3 class='iconbox_content_title  '  itemprop=\"headline\" ><a href='mailto:info@mccendustri.com' title='E-MaIL'  >E-MaIL<\/a><\/h3><\/header><div class='iconbox_content_container  '  itemprop=\"text\" ><p><a href=\"mailto:info@mccendustri.com\">info@mccendustri.com<\/a><\/p>\n<\/div><\/div><footer class=\"entry-footer\"><\/footer><\/article><\/p><\/div><div class='flex_column av-35u5on-2a0ceb48d03255e141a31086a68661df av_two_third  avia-builder-el-10  el_after_av_one_third  el_before_av_heading  flex_column_div  av-animated-generic right-to-left '   ><p>\n<style type=\"text\/css\" data-created_by=\"avia_inline_auto\" id=\"style-css-av-kw0cka8c-8d49e934bc36a9b8135bd063a55994b7\">\n#top .av-special-heading.av-kw0cka8c-8d49e934bc36a9b8135bd063a55994b7{\nmargin:0 0 10px 0;\npadding-bottom:10px;\n}\n.av-special-heading.av-kw0cka8c-8d49e934bc36a9b8135bd063a55994b7 .av-subheading{\nfont-size:15px;\n}\n<\/style>\n<div  class='av-special-heading av-kw0cka8c-8d49e934bc36a9b8135bd063a55994b7 av-special-heading-h3 blockquote modern-quote  avia-builder-el-11  el_before_av_contact  avia-builder-el-first  '><h3 class='av-special-heading-tag '  itemprop=\"headline\"  >Contact Form<\/h3><div class='av-subheading av-subheading_below '><p>Write to Us<\/p>\n<\/div><div class='special-heading-border'><div class='special-heading-inner-border'><\/div><\/div><\/div><br \/>\n<form action=\"https:\/\/mccendustri.com\/en\/contact\/\" method=\"post\"  class=\"avia_ajax_form av-form-labels-hidden   avia-builder-el-12  el_after_av_heading  avia-builder-el-last   \" data-avia-form-id=\"1\" data-avia-redirect='' ><fieldset><p class='  first_form  form_element form_element_third' id='element_avia_1_1'><label for=\"avia_1_1\">Name-Surname <abbr class=\"required\" title=\"required\">*<\/abbr><\/label> <input name=\"avia_1_1\" class=\"text_input is_empty\" type=\"text\" id=\"avia_1_1\" value=\"\"  placeholder='Name-Surname*'\/><\/p><p class='  form_element form_element_third' id='element_avia_2_1'><label for=\"avia_2_1\">E-Mail <abbr class=\"required\" title=\"required\">*<\/abbr><\/label> <input name=\"avia_2_1\" class=\"text_input is_empty\" type=\"text\" id=\"avia_2_1\" value=\"\"  placeholder='E-Mail*'\/><\/p><p class='  form_element form_element_third' id='element_avia_3_1'><label for=\"avia_3_1\">Subject <abbr class=\"required\" title=\"required\">*<\/abbr><\/label> <input name=\"avia_3_1\" class=\"text_input is_empty\" type=\"text\" id=\"avia_3_1\" value=\"\"  placeholder='Subject*'\/><\/p><p class='  first_form  form_element form_fullwidth av-last-visible-form-element' id='element_avia_4_1'><label for=\"avia_4_1\" class=\"textare_label hidden textare_label_avia_4_1\">Message <abbr class=\"required\" title=\"required\">*<\/abbr><\/label><textarea  placeholder='Message*' name=\"avia_4_1\" class=\"text_area is_empty\" cols=\"40\" rows=\"7\" id=\"avia_4_1\" ><\/textarea><\/p><p class=\"hidden\"><input type=\"text\" name=\"avia_5_1\" class=\"hidden \" id=\"avia_5_1\" value=\"\" \/><\/p><p class=\"form_element \"><input type=\"hidden\" value=\"1\" name=\"avia_generated_form1\" \/><input type=\"submit\" value=\"Send\" class=\"button\"  data-sending-label=\"Sending\"\/><\/p><\/fieldset><\/form><div id=\"ajaxresponse_1\" class=\"ajaxresponse ajaxresponse_1 hidden\"><\/div><\/p><\/div>\n<style type=\"text\/css\" data-created_by=\"avia_inline_auto\" id=\"style-css-av-kyy3434o-3b11802751d9a78d26743bbac3821859\">\n#top .av-special-heading.av-kyy3434o-3b11802751d9a78d26743bbac3821859{\nmargin:0PX 0PX 0PX 0PX;\npadding-bottom:0px;\n}\n.av-special-heading.av-kyy3434o-3b11802751d9a78d26743bbac3821859 .av-special-heading-tag{\npadding:0PX 0PX 20PX 0PX;\n}\n<\/style>\n<div  class='av-special-heading av-kyy3434o-3b11802751d9a78d26743bbac3821859 av-special-heading-h3 blockquote modern-quote modern-centered  avia-builder-el-13  el_after_av_two_third  el_before_av_one_full  av-linked-heading '><h3 class='av-special-heading-tag '  itemprop=\"headline\"  ><a class=\"av-heading-link\" href=\"https:\/\/maps.app.goo.gl\/v4FjWRAtxquksE8EA\" target=\"_blank\" rel=\"noopener noreferrer\">PLEASE CLICK FOR DIRECTIONS<\/a><\/h3><div class='special-heading-border'><div class='special-heading-inner-border'><\/div><\/div><\/div>\n<div class='flex_column av-28x3nb-c4781517a29e48d777ac37c70da0a73a av_one_full  avia-builder-el-14  el_after_av_heading  avia-builder-el-last  first flex_column_div '   ><div  class='av_gmaps_sc_main_wrap av_gmaps_main_wrap '><div id='av_gmap_0' class='avia-google-map-container avia-google-map-sc av_gmaps_show_unconditionally av-no-fallback-img ' data-mapid='av_gmap_0'  style='height: 400px;'><a class=\"av_gmaps_browser_disabled av_text_confirm_link av_text_confirm_link_visible\" href=\"https:\/\/www.google.com\/maps\/search\/?api=1&#038;query=\u00c7\u0131narl\u0131%20Mah.%20Fatih%20Cad.%20No:16-18%20D:36%20(Ater%20Tower%20D:1301)%20Konak-\u0130ZM\u0130R-T\u00dcRK\u0130YE%20%20\u0130zmir%20%20T\u00fcrkiye\" target=\"_blank\" rel=\"noopener\">Maps were disabled by the visitor on this site. Click to open the map in a new window.<\/a><\/div><\/div><\/div><\/div><\/div><\/main><!-- close content main element --><\/div><\/div><div id='after_section_1'  class='main_color av_default_container_wrap container_wrap sidebar_right'  ><div class='container av-section-cont-open' ><div class='template-page content  av-content-small alpha units'><div class='post-entry post-entry-type-page post-entry-3655'><div class='entry-content-wrapper clearfix'>\n","protected":false},"excerpt":{"rendered":"","protected":false},"author":1,"featured_media":0,"parent":0,"menu_order":0,"comment_status":"closed","ping_status":"closed","template":"","meta":{"footnotes":""},"class_list":["post-3655","page","type-page","status-publish","hentry"],"_links":{"self":[{"href":"https:\/\/mccendustri.com\/en\/wp-json\/wp\/v2\/pages\/3655","targetHints":{"allow":["GET"]}}],"collection":[{"href":"https:\/\/mccendustri.com\/en\/wp-json\/wp\/v2\/pages"}],"about":[{"href":"https:\/\/mccendustri.com\/en\/wp-json\/wp\/v2\/types\/page"}],"author":[{"embeddable":true,"href":"https:\/\/mccendustri.com\/en\/wp-json\/wp\/v2\/users\/1"}],"replies":[{"embeddable":true,"href":"https:\/\/mccendustri.com\/en\/wp-json\/wp\/v2\/comments?post=3655"}],"version-history":[{"count":32,"href":"https:\/\/mccendustri.com\/en\/wp-json\/wp\/v2\/pages\/3655\/revisions"}],"predecessor-version":[{"id":4492,"href":"https:\/\/mccendustri.com\/en\/wp-json\/wp\/v2\/pages\/3655\/revisions\/4492"}],"wp:attachment":[{"href":"https:\/\/mccendustri.com\/en\/wp-json\/wp\/v2\/media?parent=3655"}],"curies":[{"name":"wp","href":"https:\/\/api.w.org\/{rel}","templated":true}]}}