{"id":3644,"date":"2021-11-12T17:00:47","date_gmt":"2021-11-12T14:00:47","guid":{"rendered":"https:\/\/localveri.net\/mccendustri\/?page_id=3644"},"modified":"2022-02-17T09:57:12","modified_gmt":"2022-02-17T06:57:12","slug":"projects-completed-at-home","status":"publish","type":"page","link":"https:\/\/mccendustri.com\/en\/projects-completed-at-home\/","title":{"rendered":"Projects Completed At Home"},"content":{"rendered":"<div id='av_section_1'  class='avia-section av-1h8e4-e8e43aec0747b57fae3b18e7e6b53812 main_color avia-section-default avia-no-border-styling  avia-builder-el-0  avia-builder-el-no-sibling  avia-bg-style-scroll  container_wrap sidebar_right'  ><div class='container av-section-cont-open' ><main  role=\"main\" itemprop=\"mainContentOfPage\"  class='template-page content  av-content-small alpha units'><div class='post-entry post-entry-type-page post-entry-3644'><div class='entry-content-wrapper clearfix'>\n\n<style type=\"text\/css\" data-created_by=\"avia_inline_auto\" id=\"style-css-av-kvwgjwlt-0094058f2d8f09ae01e69f4768091033\">\n#top .av-special-heading.av-kvwgjwlt-0094058f2d8f09ae01e69f4768091033{\npadding-bottom:10px;\nfont-size:50px;\n}\n<\/style>\n<div  class='av-special-heading av-kvwgjwlt-0094058f2d8f09ae01e69f4768091033 av-special-heading-h2 blockquote modern-quote modern-centered  avia-builder-el-1  el_before_av_portfolio  avia-builder-el-no-sibling  av-inherit-size '><h2 class='av-special-heading-tag '  itemprop=\"headline\"  >COMPLETED PROJECTS<\/h2><div class='special-heading-border'><div class='special-heading-inner-border'><\/div><\/div><\/div>\n<div  id=\"av-sc-portfolio-1\"  class=' grid-sort-container isotope   no_margin-container with-title-container grid-total-odd grid-col-4 grid-links-' data-portfolio-id='1'><div data-ajax-id='4159' class=' grid-entry flex_column isotope-item all_sort no_margin post-entry post-entry-4159 grid-entry-overview grid-loop-1 grid-parity-odd  projects-completed-at-home_sort  av_one_fourth first default_av_fullwidth '><article class='main_color inner-entry'  itemscope=\"itemscope\" itemtype=\"https:\/\/schema.org\/CreativeWork\" ><a href=\"https:\/\/mccendustri.com\/en\/proje\/cimtas\/\" title='\u00c7imta\u015f'  data-rel='grid-1' class='grid-image avia-hover-fx'> <img decoding=\"async\" width=\"450\" height=\"550\" src=\"https:\/\/mccendustri.com\/en\/wp-content\/uploads\/2022\/01\/cimtas2.jpg\" class=\"wp-image-4160 avia-img-lazy-loading-not-4160 attachment-masonry size-masonry wp-post-image\" alt=\"\" srcset=\"https:\/\/mccendustri.com\/en\/wp-content\/uploads\/2022\/01\/cimtas2.jpg 450w, https:\/\/mccendustri.com\/en\/wp-content\/uploads\/2022\/01\/cimtas2-245x300.jpg 245w\" sizes=\"(max-width: 450px) 100vw, 450px\" \/><\/a><div class='grid-content'><div class='avia-arrow'><\/div><header class=\"entry-content-header\"><h3 class='grid-entry-title entry-title '  itemprop=\"headline\" ><a href='https:\/\/mccendustri.com\/en\/proje\/cimtas\/' title='\u00c7imta\u015f'>\u00c7imta\u015f<\/a><\/h3><\/header><\/div><footer class=\"entry-footer\"><\/footer><\/article><\/div><div data-ajax-id='4155' class=' grid-entry flex_column isotope-item all_sort no_margin post-entry post-entry-4155 grid-entry-overview grid-loop-2 grid-parity-even  projects-completed-at-home_sort  av_one_fourth  default_av_fullwidth '><article class='main_color inner-entry'  itemscope=\"itemscope\" itemtype=\"https:\/\/schema.org\/CreativeWork\" ><a href=\"https:\/\/mccendustri.com\/en\/proje\/enka-bechtel\/\" title='Enka &#038; Bechtel'  data-rel='grid-1' class='grid-image avia-hover-fx'> <img decoding=\"async\" width=\"450\" height=\"550\" src=\"https:\/\/mccendustri.com\/en\/wp-content\/uploads\/2022\/01\/enka.jpg\" class=\"wp-image-4157 avia-img-lazy-loading-not-4157 attachment-masonry size-masonry wp-post-image\" alt=\"\" srcset=\"https:\/\/mccendustri.com\/en\/wp-content\/uploads\/2022\/01\/enka.jpg 450w, https:\/\/mccendustri.com\/en\/wp-content\/uploads\/2022\/01\/enka-245x300.jpg 245w\" sizes=\"(max-width: 450px) 100vw, 450px\" \/><\/a><div class='grid-content'><div class='avia-arrow'><\/div><header class=\"entry-content-header\"><h3 class='grid-entry-title entry-title '  itemprop=\"headline\" ><a href='https:\/\/mccendustri.com\/en\/proje\/enka-bechtel\/' title='Enka &#038; Bechtel'>Enka &#038; Bechtel<\/a><\/h3><\/header><\/div><footer class=\"entry-footer\"><\/footer><\/article><\/div><div data-ajax-id='4151' class=' grid-entry flex_column isotope-item all_sort no_margin post-entry post-entry-4151 grid-entry-overview grid-loop-3 grid-parity-odd  projects-completed-at-home_sort  av_one_fourth  default_av_fullwidth '><article class='main_color inner-entry'  itemscope=\"itemscope\" itemtype=\"https:\/\/schema.org\/CreativeWork\" ><a href=\"https:\/\/mccendustri.com\/en\/proje\/ihlas-holding\/\" title='\u0130hlas Holding'  data-rel='grid-1' class='grid-image avia-hover-fx'> <img decoding=\"async\" width=\"450\" height=\"550\" src=\"https:\/\/mccendustri.com\/en\/wp-content\/uploads\/2022\/01\/ihlas-armutlu2.jpg\" class=\"wp-image-4154 avia-img-lazy-loading-not-4154 attachment-masonry size-masonry wp-post-image\" alt=\"\" srcset=\"https:\/\/mccendustri.com\/en\/wp-content\/uploads\/2022\/01\/ihlas-armutlu2.jpg 450w, https:\/\/mccendustri.com\/en\/wp-content\/uploads\/2022\/01\/ihlas-armutlu2-245x300.jpg 245w\" sizes=\"(max-width: 450px) 100vw, 450px\" \/><\/a><div class='grid-content'><div class='avia-arrow'><\/div><header class=\"entry-content-header\"><h3 class='grid-entry-title entry-title '  itemprop=\"headline\" ><a href='https:\/\/mccendustri.com\/en\/proje\/ihlas-holding\/' title='\u0130hlas Holding'>\u0130hlas Holding<\/a><\/h3><\/header><\/div><footer class=\"entry-footer\"><\/footer><\/article><\/div><div data-ajax-id='4147' class=' grid-entry flex_column isotope-item all_sort no_margin post-entry post-entry-4147 grid-entry-overview grid-loop-4 grid-parity-even  projects-completed-at-home_sort  av_one_fourth  default_av_fullwidth '><article class='main_color inner-entry'  itemscope=\"itemscope\" itemtype=\"https:\/\/schema.org\/CreativeWork\" ><a href=\"https:\/\/mccendustri.com\/en\/proje\/itob\/\" title='\u0130TOB'  data-rel='grid-1' class='grid-image avia-hover-fx'> <img decoding=\"async\" width=\"450\" height=\"550\" src=\"https:\/\/mccendustri.com\/en\/wp-content\/uploads\/2022\/01\/itob2.jpg\" class=\"wp-image-4148 avia-img-lazy-loading-not-4148 attachment-masonry size-masonry wp-post-image\" alt=\"\" srcset=\"https:\/\/mccendustri.com\/en\/wp-content\/uploads\/2022\/01\/itob2.jpg 450w, https:\/\/mccendustri.com\/en\/wp-content\/uploads\/2022\/01\/itob2-245x300.jpg 245w\" sizes=\"(max-width: 450px) 100vw, 450px\" \/><\/a><div class='grid-content'><div class='avia-arrow'><\/div><header class=\"entry-content-header\"><h3 class='grid-entry-title entry-title '  itemprop=\"headline\" ><a href='https:\/\/mccendustri.com\/en\/proje\/itob\/' title='\u0130TOB'>\u0130TOB<\/a><\/h3><\/header><\/div><footer class=\"entry-footer\"><\/footer><\/article><\/div><div data-ajax-id='3635' class=' grid-entry flex_column isotope-item all_sort no_margin post-entry post-entry-3635 grid-entry-overview grid-loop-5 grid-parity-odd  projects-completed-at-home_sort  av_one_fourth first default_av_fullwidth '><article class='main_color inner-entry'  itemscope=\"itemscope\" itemtype=\"https:\/\/schema.org\/CreativeWork\" ><a href=\"https:\/\/mccendustri.com\/en\/proje\/ikea\/\" title='Ikea'  data-rel='grid-1' class='grid-image avia-hover-fx'> <img decoding=\"async\" width=\"450\" height=\"550\" src=\"https:\/\/mccendustri.com\/en\/wp-content\/uploads\/2021\/11\/ikea-izmir-1.jpg\" class=\"wp-image-4102 avia-img-lazy-loading-not-4102 attachment-masonry size-masonry wp-post-image\" alt=\"\" srcset=\"https:\/\/mccendustri.com\/en\/wp-content\/uploads\/2021\/11\/ikea-izmir-1.jpg 450w, https:\/\/mccendustri.com\/en\/wp-content\/uploads\/2021\/11\/ikea-izmir-1-245x300.jpg 245w\" sizes=\"(max-width: 450px) 100vw, 450px\" \/><\/a><div class='grid-content'><div class='avia-arrow'><\/div><header class=\"entry-content-header\"><h3 class='grid-entry-title entry-title '  itemprop=\"headline\" ><a href='https:\/\/mccendustri.com\/en\/proje\/ikea\/' title='Ikea'>Ikea<\/a><\/h3><\/header><\/div><footer class=\"entry-footer\"><\/footer><\/article><\/div><div data-ajax-id='4143' class=' grid-entry flex_column isotope-item all_sort no_margin post-entry post-entry-4143 grid-entry-overview grid-loop-6 grid-parity-even  projects-completed-at-home_sort  av_one_fourth  default_av_fullwidth '><article class='main_color inner-entry'  itemscope=\"itemscope\" itemtype=\"https:\/\/schema.org\/CreativeWork\" ><a href=\"https:\/\/mccendustri.com\/en\/proje\/manisa-osb\/\" title='Manisa OSB'  data-rel='grid-1' class='grid-image avia-hover-fx'> <img decoding=\"async\" width=\"450\" height=\"550\" src=\"https:\/\/mccendustri.com\/en\/wp-content\/uploads\/2022\/01\/manisa-osb2.jpg\" class=\"wp-image-4144 avia-img-lazy-loading-not-4144 attachment-masonry size-masonry wp-post-image\" alt=\"\" srcset=\"https:\/\/mccendustri.com\/en\/wp-content\/uploads\/2022\/01\/manisa-osb2.jpg 450w, https:\/\/mccendustri.com\/en\/wp-content\/uploads\/2022\/01\/manisa-osb2-245x300.jpg 245w\" sizes=\"(max-width: 450px) 100vw, 450px\" \/><\/a><div class='grid-content'><div class='avia-arrow'><\/div><header class=\"entry-content-header\"><h3 class='grid-entry-title entry-title '  itemprop=\"headline\" ><a href='https:\/\/mccendustri.com\/en\/proje\/manisa-osb\/' title='Manisa OSB'>Manisa OSB<\/a><\/h3><\/header><\/div><footer class=\"entry-footer\"><\/footer><\/article><\/div><div data-ajax-id='4133' class=' grid-entry flex_column isotope-item all_sort no_margin post-entry post-entry-4133 grid-entry-overview grid-loop-7 grid-parity-odd  projects-completed-at-home_sort  av_one_fourth  default_av_fullwidth '><article class='main_color inner-entry'  itemscope=\"itemscope\" itemtype=\"https:\/\/schema.org\/CreativeWork\" ><a href=\"https:\/\/mccendustri.com\/en\/proje\/tamek-gida\/\" title='Tamek G\u0131da'  data-rel='grid-1' class='grid-image avia-hover-fx'> <img decoding=\"async\" width=\"450\" height=\"550\" src=\"https:\/\/mccendustri.com\/en\/wp-content\/uploads\/2022\/01\/tamek-bg.jpg\" class=\"wp-image-4134 avia-img-lazy-loading-not-4134 attachment-masonry size-masonry wp-post-image\" alt=\"\" srcset=\"https:\/\/mccendustri.com\/en\/wp-content\/uploads\/2022\/01\/tamek-bg.jpg 450w, https:\/\/mccendustri.com\/en\/wp-content\/uploads\/2022\/01\/tamek-bg-245x300.jpg 245w\" sizes=\"(max-width: 450px) 100vw, 450px\" \/><\/a><div class='grid-content'><div class='avia-arrow'><\/div><header class=\"entry-content-header\"><h3 class='grid-entry-title entry-title '  itemprop=\"headline\" ><a href='https:\/\/mccendustri.com\/en\/proje\/tamek-gida\/' title='Tamek G\u0131da'>Tamek G\u0131da<\/a><\/h3><\/header><\/div><footer class=\"entry-footer\"><\/footer><\/article><\/div><div data-ajax-id='4129' class=' grid-entry flex_column isotope-item all_sort no_margin post-entry post-entry-4129 grid-entry-overview grid-loop-8 grid-parity-even  projects-completed-at-home_sort  av_one_fourth  default_av_fullwidth '><article class='main_color inner-entry'  itemscope=\"itemscope\" itemtype=\"https:\/\/schema.org\/CreativeWork\" ><a href=\"https:\/\/mccendustri.com\/en\/proje\/zorlu-center\/\" title='Zorlu Center'  data-rel='grid-1' class='grid-image avia-hover-fx'> <img decoding=\"async\" width=\"450\" height=\"550\" src=\"https:\/\/mccendustri.com\/en\/wp-content\/uploads\/2022\/01\/zorlu-center.jpg\" class=\"wp-image-4130 avia-img-lazy-loading-not-4130 attachment-masonry size-masonry wp-post-image\" alt=\"\" srcset=\"https:\/\/mccendustri.com\/en\/wp-content\/uploads\/2022\/01\/zorlu-center.jpg 450w, https:\/\/mccendustri.com\/en\/wp-content\/uploads\/2022\/01\/zorlu-center-245x300.jpg 245w\" sizes=\"(max-width: 450px) 100vw, 450px\" \/><\/a><div class='grid-content'><div class='avia-arrow'><\/div><header class=\"entry-content-header\"><h3 class='grid-entry-title entry-title '  itemprop=\"headline\" ><a href='https:\/\/mccendustri.com\/en\/proje\/zorlu-center\/' title='Zorlu Center'>Zorlu Center<\/a><\/h3><\/header><\/div><footer class=\"entry-footer\"><\/footer><\/article><\/div><div data-ajax-id='3614' class=' grid-entry flex_column isotope-item all_sort no_margin post-entry post-entry-3614 grid-entry-overview grid-loop-9 grid-parity-odd  projects-completed-at-home_sort  av_one_fourth first default_av_fullwidth '><article class='main_color inner-entry'  itemscope=\"itemscope\" itemtype=\"https:\/\/schema.org\/CreativeWork\" ><a href=\"https:\/\/mccendustri.com\/en\/proje\/dyo-paint-and-cellulose-factory\/\" title='Dyo Paint and Cellulose Factory'  data-rel='grid-1' class='grid-image avia-hover-fx'> <img decoding=\"async\" width=\"450\" height=\"550\" src=\"https:\/\/mccendustri.com\/en\/wp-content\/uploads\/2021\/11\/DYO.jpg\" class=\"wp-image-4103 avia-img-lazy-loading-not-4103 attachment-masonry size-masonry wp-post-image\" alt=\"\" srcset=\"https:\/\/mccendustri.com\/en\/wp-content\/uploads\/2021\/11\/DYO.jpg 450w, https:\/\/mccendustri.com\/en\/wp-content\/uploads\/2021\/11\/DYO-245x300.jpg 245w\" sizes=\"(max-width: 450px) 100vw, 450px\" \/><\/a><div class='grid-content'><div class='avia-arrow'><\/div><header class=\"entry-content-header\"><h3 class='grid-entry-title entry-title '  itemprop=\"headline\" ><a href='https:\/\/mccendustri.com\/en\/proje\/dyo-paint-and-cellulose-factory\/' title='Dyo Paint and Cellulose Factory'>Dyo Paint and Cellulose Factory<\/a><\/h3><\/header><\/div><footer class=\"entry-footer\"><\/footer><\/article><\/div><div data-ajax-id='3631' class=' grid-entry flex_column isotope-item all_sort no_margin post-entry post-entry-3631 grid-entry-overview grid-loop-10 grid-parity-even  projects-completed-at-home_sort  av_one_fourth  default_av_fullwidth '><article class='main_color inner-entry'  itemscope=\"itemscope\" itemtype=\"https:\/\/schema.org\/CreativeWork\" ><a href=\"https:\/\/mccendustri.com\/en\/proje\/vestel-city\/\" title='Vestel City'  data-rel='grid-1' class='grid-image avia-hover-fx'> <img decoding=\"async\" width=\"450\" height=\"550\" src=\"https:\/\/mccendustri.com\/en\/wp-content\/uploads\/2021\/11\/vestel-city.jpg\" class=\"wp-image-4113 avia-img-lazy-loading-not-4113 attachment-masonry size-masonry wp-post-image\" alt=\"\" srcset=\"https:\/\/mccendustri.com\/en\/wp-content\/uploads\/2021\/11\/vestel-city.jpg 450w, https:\/\/mccendustri.com\/en\/wp-content\/uploads\/2021\/11\/vestel-city-245x300.jpg 245w\" sizes=\"(max-width: 450px) 100vw, 450px\" \/><\/a><div class='grid-content'><div class='avia-arrow'><\/div><header class=\"entry-content-header\"><h3 class='grid-entry-title entry-title '  itemprop=\"headline\" ><a href='https:\/\/mccendustri.com\/en\/proje\/vestel-city\/' title='Vestel City'>Vestel City<\/a><\/h3><\/header><\/div><footer class=\"entry-footer\"><\/footer><\/article><\/div><div data-ajax-id='4138' class=' grid-entry flex_column isotope-item all_sort no_margin post-entry post-entry-4138 grid-entry-overview grid-loop-11 grid-parity-odd  projects-completed-at-home_sort  av_one_fourth  default_av_fullwidth '><article class='main_color inner-entry'  itemscope=\"itemscope\" itemtype=\"https:\/\/schema.org\/CreativeWork\" ><a href=\"https:\/\/mccendustri.com\/en\/proje\/izmir-geothermal\/\" title='\u0130zmir Geothermal'  data-rel='grid-1' class='grid-image avia-hover-fx'> <img decoding=\"async\" width=\"450\" height=\"550\" src=\"https:\/\/mccendustri.com\/en\/wp-content\/uploads\/2022\/01\/izmir-jeptermal.jpg\" class=\"wp-image-4139 avia-img-lazy-loading-not-4139 attachment-masonry size-masonry wp-post-image\" alt=\"\" srcset=\"https:\/\/mccendustri.com\/en\/wp-content\/uploads\/2022\/01\/izmir-jeptermal.jpg 450w, https:\/\/mccendustri.com\/en\/wp-content\/uploads\/2022\/01\/izmir-jeptermal-245x300.jpg 245w\" sizes=\"(max-width: 450px) 100vw, 450px\" \/><\/a><div class='grid-content'><div class='avia-arrow'><\/div><header class=\"entry-content-header\"><h3 class='grid-entry-title entry-title '  itemprop=\"headline\" ><a href='https:\/\/mccendustri.com\/en\/proje\/izmir-geothermal\/' title='\u0130zmir Geothermal'>\u0130zmir Geothermal<\/a><\/h3><\/header><\/div><footer class=\"entry-footer\"><\/footer><\/article><\/div><div data-ajax-id='3633' class=' grid-entry flex_column isotope-item all_sort no_margin post-entry post-entry-3633 grid-entry-overview grid-loop-12 grid-parity-even  projects-completed-at-home_sort  av_one_fourth  default_av_fullwidth '><article class='main_color inner-entry'  itemscope=\"itemscope\" itemtype=\"https:\/\/schema.org\/CreativeWork\" ><a href=\"https:\/\/mccendustri.com\/en\/proje\/dpc-hurriyet\/\" title='DPC H\u00fcrriyet'  data-rel='grid-1' class='grid-image avia-hover-fx'> <img decoding=\"async\" width=\"450\" height=\"550\" src=\"https:\/\/mccendustri.com\/en\/wp-content\/uploads\/2021\/11\/DPC.jpg\" class=\"wp-image-4109 avia-img-lazy-loading-not-4109 attachment-masonry size-masonry wp-post-image\" alt=\"\" srcset=\"https:\/\/mccendustri.com\/en\/wp-content\/uploads\/2021\/11\/DPC.jpg 450w, https:\/\/mccendustri.com\/en\/wp-content\/uploads\/2021\/11\/DPC-245x300.jpg 245w\" sizes=\"(max-width: 450px) 100vw, 450px\" \/><\/a><div class='grid-content'><div class='avia-arrow'><\/div><header class=\"entry-content-header\"><h3 class='grid-entry-title entry-title '  itemprop=\"headline\" ><a href='https:\/\/mccendustri.com\/en\/proje\/dpc-hurriyet\/' title='DPC H\u00fcrriyet'>DPC H\u00fcrriyet<\/a><\/h3><\/header><\/div><footer class=\"entry-footer\"><\/footer><\/article><\/div><div data-ajax-id='4116' class=' grid-entry flex_column isotope-item all_sort no_margin post-entry post-entry-4116 grid-entry-overview grid-loop-13 grid-parity-odd  projects-completed-at-home_sort  av_one_fourth first default_av_fullwidth '><article class='main_color inner-entry'  itemscope=\"itemscope\" itemtype=\"https:\/\/schema.org\/CreativeWork\" ><a href=\"https:\/\/mccendustri.com\/en\/proje\/tuborg-turkey\/\" title='Tuborg Turkey'  data-rel='grid-1' class='grid-image avia-hover-fx'> <img decoding=\"async\" width=\"450\" height=\"550\" src=\"https:\/\/mccendustri.com\/en\/wp-content\/uploads\/2022\/01\/turk-tuborg.jpg\" class=\"wp-image-4117 avia-img-lazy-loading-not-4117 attachment-masonry size-masonry wp-post-image\" alt=\"\" srcset=\"https:\/\/mccendustri.com\/en\/wp-content\/uploads\/2022\/01\/turk-tuborg.jpg 450w, https:\/\/mccendustri.com\/en\/wp-content\/uploads\/2022\/01\/turk-tuborg-245x300.jpg 245w\" sizes=\"(max-width: 450px) 100vw, 450px\" \/><\/a><div class='grid-content'><div class='avia-arrow'><\/div><header class=\"entry-content-header\"><h3 class='grid-entry-title entry-title '  itemprop=\"headline\" ><a href='https:\/\/mccendustri.com\/en\/proje\/tuborg-turkey\/' title='Tuborg Turkey'>Tuborg Turkey<\/a><\/h3><\/header><\/div><footer class=\"entry-footer\"><\/footer><\/article><\/div><div data-ajax-id='4123' class=' grid-entry flex_column isotope-item all_sort no_margin post-entry post-entry-4123 grid-entry-overview grid-loop-14 grid-parity-even  projects-completed-at-home_sort  av_one_fourth  default_av_fullwidth '><article class='main_color inner-entry'  itemscope=\"itemscope\" itemtype=\"https:\/\/schema.org\/CreativeWork\" ><a href=\"https:\/\/mccendustri.com\/en\/proje\/dsi\/\" title='DS\u0130'  data-rel='grid-1' class='grid-image avia-hover-fx'> <img decoding=\"async\" width=\"450\" height=\"550\" src=\"https:\/\/mccendustri.com\/en\/wp-content\/uploads\/2022\/01\/dsi.jpg\" class=\"wp-image-4125 avia-img-lazy-loading-not-4125 attachment-masonry size-masonry wp-post-image\" alt=\"\" srcset=\"https:\/\/mccendustri.com\/en\/wp-content\/uploads\/2022\/01\/dsi.jpg 450w, https:\/\/mccendustri.com\/en\/wp-content\/uploads\/2022\/01\/dsi-245x300.jpg 245w\" sizes=\"(max-width: 450px) 100vw, 450px\" \/><\/a><div class='grid-content'><div class='avia-arrow'><\/div><header class=\"entry-content-header\"><h3 class='grid-entry-title entry-title '  itemprop=\"headline\" ><a href='https:\/\/mccendustri.com\/en\/proje\/dsi\/' title='DS\u0130'>DS\u0130<\/a><\/h3><\/header><\/div><footer class=\"entry-footer\"><\/footer><\/article><\/div><div data-ajax-id='4120' class=' grid-entry flex_column isotope-item all_sort no_margin post-entry post-entry-4120 grid-entry-overview grid-loop-15 grid-parity-odd  post-entry-last  projects-completed-at-home_sort  av_one_fourth  default_av_fullwidth '><article class='main_color inner-entry'  itemscope=\"itemscope\" itemtype=\"https:\/\/schema.org\/CreativeWork\" ><a href=\"https:\/\/mccendustri.com\/en\/proje\/iga\/\" title='\u0130GA'  data-rel='grid-1' class='grid-image avia-hover-fx'> <img decoding=\"async\" width=\"450\" height=\"550\" src=\"https:\/\/mccendustri.com\/en\/wp-content\/uploads\/2022\/01\/iga.jpg\" class=\"wp-image-4121 avia-img-lazy-loading-not-4121 attachment-masonry size-masonry wp-post-image\" alt=\"\" srcset=\"https:\/\/mccendustri.com\/en\/wp-content\/uploads\/2022\/01\/iga.jpg 450w, https:\/\/mccendustri.com\/en\/wp-content\/uploads\/2022\/01\/iga-245x300.jpg 245w\" sizes=\"(max-width: 450px) 100vw, 450px\" \/><\/a><div class='grid-content'><div class='avia-arrow'><\/div><header class=\"entry-content-header\"><h3 class='grid-entry-title entry-title '  itemprop=\"headline\" ><a href='https:\/\/mccendustri.com\/en\/proje\/iga\/' title='\u0130GA'>\u0130GA<\/a><\/h3><\/header><\/div><footer class=\"entry-footer\"><\/footer><\/article><\/div><\/div>\n<\/div><\/div><\/main><!-- close content main element --><\/div><\/div><div id='after_section_1'  class='main_color av_default_container_wrap container_wrap sidebar_right'  ><div class='container av-section-cont-open' ><div class='template-page content  av-content-small alpha units'><div class='post-entry post-entry-type-page post-entry-3644'><div class='entry-content-wrapper clearfix'>\n","protected":false},"excerpt":{"rendered":"","protected":false},"author":1,"featured_media":0,"parent":0,"menu_order":0,"comment_status":"closed","ping_status":"closed","template":"","meta":{"footnotes":""},"class_list":["post-3644","page","type-page","status-publish","hentry"],"_links":{"self":[{"href":"https:\/\/mccendustri.com\/en\/wp-json\/wp\/v2\/pages\/3644","targetHints":{"allow":["GET"]}}],"collection":[{"href":"https:\/\/mccendustri.com\/en\/wp-json\/wp\/v2\/pages"}],"about":[{"href":"https:\/\/mccendustri.com\/en\/wp-json\/wp\/v2\/types\/page"}],"author":[{"embeddable":true,"href":"https:\/\/mccendustri.com\/en\/wp-json\/wp\/v2\/users\/1"}],"replies":[{"embeddable":true,"href":"https:\/\/mccendustri.com\/en\/wp-json\/wp\/v2\/comments?post=3644"}],"version-history":[{"count":9,"href":"https:\/\/mccendustri.com\/en\/wp-json\/wp\/v2\/pages\/3644\/revisions"}],"predecessor-version":[{"id":4420,"href":"https:\/\/mccendustri.com\/en\/wp-json\/wp\/v2\/pages\/3644\/revisions\/4420"}],"wp:attachment":[{"href":"https:\/\/mccendustri.com\/en\/wp-json\/wp\/v2\/media?parent=3644"}],"curies":[{"name":"wp","href":"https:\/\/api.w.org\/{rel}","templated":true}]}}